{"id":2609,"date":"2025-09-16T13:27:39","date_gmt":"2025-09-16T13:27:39","guid":{"rendered":"https:\/\/www.jf-belver.pt\/?page_id=2609"},"modified":"2025-09-16T21:03:53","modified_gmt":"2025-09-16T21:03:53","slug":"procedimentos-concursais","status":"publish","type":"page","link":"https:\/\/www.jf-belver.pt\/?page_id=2609","title":{"rendered":"Procedimentos concursais"},"content":{"rendered":"<h2>Aviso de abertura de procedimento para 1 posto de trabalho<\/h2>\n<ul>\n<li style=\"list-style-type: none;\">\n<ul>\n<li><a href=\"https:\/\/www.jf-belver.pt\/wp-content\/uploads\/2025\/09\/Ataconcurso_compressed.pdf\" target=\"_blank\" rel=\"noopener\">Ata n.\u00ba 1 de defini\u00e7\u00e3o de crit\u00e9rios<\/a><\/li>\n<li><a href=\"https:\/\/www.jf-belver.pt\/wp-content\/uploads\/2025\/09\/AvisoConcurso_compressed.pdf\" target=\"_blank\" rel=\"noopener\">Aviso Concurso<\/a><\/li>\n<li><a href=\"https:\/\/www.jf-belver.pt\/wp-content\/uploads\/2025\/09\/AvisoExtrato.pdf\" target=\"_blank\" rel=\"noopener\">Aviso Extrato<\/a><\/li>\n<li><a href=\"https:\/\/www.jf-belver.pt\/wp-content\/uploads\/2025\/09\/Form_procedimento_concursal.pdf\" target=\"_blank\" rel=\"noopener\">Formul\u00e1rio de Procedimento Concursal<\/a><\/li>\n<li><a href=\"https:\/\/www.jf-belver.pt\/wp-content\/uploads\/2025\/09\/Form_Audiencia_Previa.pdf\" target=\"_blank\" rel=\"noopener\">Formul\u00e1rio de Audi\u00eancia Pr\u00e9via<\/a><\/li>\n<\/ul>\n<\/li>\n<\/ul>\n<p>&nbsp;<\/p>\n","protected":false},"excerpt":{"rendered":"<p>Aviso de abertura de procedimento para 1 posto de trabalho Ata n.\u00ba 1 de defini\u00e7\u00e3o de crit\u00e9rios Aviso Concurso Aviso Extrato Formul\u00e1rio de Procedimento Concursal Formul\u00e1rio de Audi\u00eancia Pr\u00e9via &nbsp;<\/p>\n","protected":false},"author":2,"featured_media":0,"parent":0,"menu_order":0,"comment_status":"closed","ping_status":"closed","template":"","meta":{"footnotes":""},"class_list":["post-2609","page","type-page","status-publish","hentry"],"_links":{"self":[{"href":"https:\/\/www.jf-belver.pt\/index.php?rest_route=\/wp\/v2\/pages\/2609","targetHints":{"allow":["GET"]}}],"collection":[{"href":"https:\/\/www.jf-belver.pt\/index.php?rest_route=\/wp\/v2\/pages"}],"about":[{"href":"https:\/\/www.jf-belver.pt\/index.php?rest_route=\/wp\/v2\/types\/page"}],"author":[{"embeddable":true,"href":"https:\/\/www.jf-belver.pt\/index.php?rest_route=\/wp\/v2\/users\/2"}],"replies":[{"embeddable":true,"href":"https:\/\/www.jf-belver.pt\/index.php?rest_route=%2Fwp%2Fv2%2Fcomments&post=2609"}],"version-history":[{"count":4,"href":"https:\/\/www.jf-belver.pt\/index.php?rest_route=\/wp\/v2\/pages\/2609\/revisions"}],"predecessor-version":[{"id":2624,"href":"https:\/\/www.jf-belver.pt\/index.php?rest_route=\/wp\/v2\/pages\/2609\/revisions\/2624"}],"wp:attachment":[{"href":"https:\/\/www.jf-belver.pt\/index.php?rest_route=%2Fwp%2Fv2%2Fmedia&parent=2609"}],"curies":[{"name":"wp","href":"https:\/\/api.w.org\/{rel}","templated":true}]}}