{"id":204,"date":"2018-09-30T21:39:06","date_gmt":"2018-09-30T21:39:06","guid":{"rendered":"http:\/\/www.jf-belver.pt\/?page_id=204"},"modified":"2018-10-01T22:05:28","modified_gmt":"2018-10-01T22:05:28","slug":"pontos-de-interesse","status":"publish","type":"page","link":"https:\/\/www.jf-belver.pt\/?page_id=204","title":{"rendered":"Pontos de Interesse"},"content":{"rendered":"\t<!-- This file should primarily consist of HTML with a little bit of PHP. -->\r\n\t<div class=\"afwp-accordion-template afwp-shortcode afwp-theme-default\">\r\n\t\t<div class=\"afwp-accordion vertical\">\r\n\t\t\t<ul class=\"afwp-accordion-list\">\r\n\t\t\t\t\t\t\t\t\t<li class=\"afwp-accordion-item-wrap\">\r\n\t\t\t\t\t\t<div class=\"afwp-accordion-title  current \" style=\"background:; color:;\">\r\n\t\t\t\t\t\t\t<span data-href=\"#afwp_ponte-sobre-o-rio-tejo846\">Ponte sobre o Rio Tejo<\/span>\r\n\t\t\t\t\t\t\t\t\t\t\t\t\t\t\t<i\r\n\t\t\t\t\t\t\t\t\tclass=\"afwp-toggle-icon fa fa-toggle-on\" \r\n\t\t\t\t\t\t\t\t\tdata-dropdown-icon=\"fa-toggle-off\" \r\n\t\t\t\t\t\t\t\t\tdata-active-dp-icon=\"fa-toggle-on\" \r\n\t\t\t\t\t\t\t\t\tstyle=\"color:;\"\r\n\t\t\t\t\t\t\t\t><\/i>\r\n\t\t\t\t\t\t\t\t\t\t\t\t\t<\/div>\r\n\t\t\t\t\t\t<div class=\"afwp-content  current \" id=\"afwp_ponte-sobre-o-rio-tejo846\"  style=\"background:; color:;  display:block; \">\r\n\t\t\t\t\t\t\t<div class=\"afwp-content-wraper\">\r\n\t\t\t\t\t\t\t\t<p>Foi inaugurada em1907, \u00e9 uma ponte com tabuleiro met\u00e1lico e tem 239 metros de comprimento. Esta ponte oferece uma vista deslumbrante sobre a vila de Belver e sobre o rio Tejo e suas margens.<\/p>\n\t\t\t\t\t\t\t<\/div>\r\n\t\t\t\t\t\t<\/div>\r\n\t\t\t\t\t<\/li>\r\n\t\t\t\t\t\t\t\t\t<li class=\"afwp-accordion-item-wrap\">\r\n\t\t\t\t\t\t<div class=\"afwp-accordion-title \" style=\"background:; color:;\">\r\n\t\t\t\t\t\t\t<span data-href=\"#afwp_percurso-pedestre-arribas-do-tejo845\">Percurso pedestre &#8220;Arribas do Tejo&#8221;<\/span>\r\n\t\t\t\t\t\t\t\t\t\t\t\t\t\t\t<i\r\n\t\t\t\t\t\t\t\t\tclass=\"afwp-toggle-icon fa fa-toggle-off\" \r\n\t\t\t\t\t\t\t\t\tdata-dropdown-icon=\"fa-toggle-off\" \r\n\t\t\t\t\t\t\t\t\tdata-active-dp-icon=\"fa-toggle-on\" \r\n\t\t\t\t\t\t\t\t\tstyle=\"color:;\"\r\n\t\t\t\t\t\t\t\t><\/i>\r\n\t\t\t\t\t\t\t\t\t\t\t\t\t<\/div>\r\n\t\t\t\t\t\t<div class=\"afwp-content \" id=\"afwp_percurso-pedestre-arribas-do-tejo845\"  style=\"background:; color:; \">\r\n\t\t\t\t\t\t\t<div class=\"afwp-content-wraper\">\r\n\t\t\t\t\t\t\t\t<p>Este percurso circular pode ser iniciado em qualquer lugar por onde passa. Este percurso desenvolve-se nas duas margens do Rio Tejo, em terras das Freguesias de Gavi\u00e3o e Belver.<\/p>\n\t\t\t\t\t\t\t<\/div>\r\n\t\t\t\t\t\t<\/div>\r\n\t\t\t\t\t<\/li>\r\n\t\t\t\t\t\t\t\t\t<li class=\"afwp-accordion-item-wrap\">\r\n\t\t\t\t\t\t<div class=\"afwp-accordion-title \" style=\"background:; color:;\">\r\n\t\t\t\t\t\t\t<span data-href=\"#afwp_anta-do-penedo-gordo844\">Anta do Penedo Gordo<\/span>\r\n\t\t\t\t\t\t\t\t\t\t\t\t\t\t\t<i\r\n\t\t\t\t\t\t\t\t\tclass=\"afwp-toggle-icon fa fa-toggle-off\" \r\n\t\t\t\t\t\t\t\t\tdata-dropdown-icon=\"fa-toggle-off\" \r\n\t\t\t\t\t\t\t\t\tdata-active-dp-icon=\"fa-toggle-on\" \r\n\t\t\t\t\t\t\t\t\tstyle=\"color:;\"\r\n\t\t\t\t\t\t\t\t><\/i>\r\n\t\t\t\t\t\t\t\t\t\t\t\t\t<\/div>\r\n\t\t\t\t\t\t<div class=\"afwp-content \" id=\"afwp_anta-do-penedo-gordo844\"  style=\"background:; color:; \">\r\n\t\t\t\t\t\t\t<div class=\"afwp-content-wraper\">\r\n\t\t\t\t\t\t\t\t<p>Monumento megal\u00edtico de corredor m\u00e9dio situado na Torre Fundeira. Esta possui c\u00e2mara funer\u00e1ria de planta poligonal alongada.<\/p>\n\t\t\t\t\t\t\t<\/div>\r\n\t\t\t\t\t\t<\/div>\r\n\t\t\t\t\t<\/li>\r\n\t\t\t\t\t\t\t\t\t<li class=\"afwp-accordion-item-wrap\">\r\n\t\t\t\t\t\t<div class=\"afwp-accordion-title \" style=\"background:; color:;\">\r\n\t\t\t\t\t\t\t<span data-href=\"#afwp_estacao-de-comboios-de-belver843\">Esta\u00e7\u00e3o de comboios de Belver<\/span>\r\n\t\t\t\t\t\t\t\t\t\t\t\t\t\t\t<i\r\n\t\t\t\t\t\t\t\t\tclass=\"afwp-toggle-icon fa fa-toggle-off\" \r\n\t\t\t\t\t\t\t\t\tdata-dropdown-icon=\"fa-toggle-off\" \r\n\t\t\t\t\t\t\t\t\tdata-active-dp-icon=\"fa-toggle-on\" \r\n\t\t\t\t\t\t\t\t\tstyle=\"color:;\"\r\n\t\t\t\t\t\t\t\t><\/i>\r\n\t\t\t\t\t\t\t\t\t\t\t\t\t<\/div>\r\n\t\t\t\t\t\t<div class=\"afwp-content \" id=\"afwp_estacao-de-comboios-de-belver843\"  style=\"background:; color:; \">\r\n\t\t\t\t\t\t\t<div class=\"afwp-content-wraper\">\r\n\t\t\t\t\t\t\t\t<p>Pr\u00f3xima do Rio Tejo e rodeada de vegeta\u00e7\u00e3o, esta esta\u00e7\u00e3o serve a Freguesia de Belver e pertence \u00e0 linha da Beira Baixa.<\/p>\n\t\t\t\t\t\t\t<\/div>\r\n\t\t\t\t\t\t<\/div>\r\n\t\t\t\t\t<\/li>\r\n\t\t\t\t\t\t\t\t\t<li class=\"afwp-accordion-item-wrap\">\r\n\t\t\t\t\t\t<div class=\"afwp-accordion-title \" style=\"background:; color:;\">\r\n\t\t\t\t\t\t\t<span data-href=\"#afwp_museu-do-vinho-e-do-pao-em-domingos-da-vinha842\">Museu do Vinho e do P\u00e3o em Domingos da Vinha<\/span>\r\n\t\t\t\t\t\t\t\t\t\t\t\t\t\t\t<i\r\n\t\t\t\t\t\t\t\t\tclass=\"afwp-toggle-icon fa fa-toggle-off\" \r\n\t\t\t\t\t\t\t\t\tdata-dropdown-icon=\"fa-toggle-off\" \r\n\t\t\t\t\t\t\t\t\tdata-active-dp-icon=\"fa-toggle-on\" \r\n\t\t\t\t\t\t\t\t\tstyle=\"color:;\"\r\n\t\t\t\t\t\t\t\t><\/i>\r\n\t\t\t\t\t\t\t\t\t\t\t\t\t<\/div>\r\n\t\t\t\t\t\t<div class=\"afwp-content \" id=\"afwp_museu-do-vinho-e-do-pao-em-domingos-da-vinha842\"  style=\"background:; color:; \">\r\n\t\t\t\t\t\t\t<div class=\"afwp-content-wraper\">\r\n\t\t\t\t\t\t\t\t<p>O Museu est\u00e1 situado em Domingos da Vinha, aldeia pertencente \u00e0 Freguesia de Belver, e explica as tradi\u00e7\u00f5es e cultura dos habitantes da mesma povoa\u00e7\u00e3o. Os visitantes podem observar todos os instrumentos necess\u00e1rios ao fabrico do vinho utilizados no passado, como \u00e9 o caso do fuso de madeira, pe\u00e7a \u00fanica trabalhada em madeira de azinheira, [&hellip;]<\/p>\n\t\t\t\t\t\t\t<\/div>\r\n\t\t\t\t\t\t<\/div>\r\n\t\t\t\t\t<\/li>\r\n\t\t\t\t\t\t\t\t\t<li class=\"afwp-accordion-item-wrap\">\r\n\t\t\t\t\t\t<div class=\"afwp-accordion-title \" style=\"background:; color:;\">\r\n\t\t\t\t\t\t\t<span data-href=\"#afwp_nucleo-museologico-das-mantas-e-tapecarias-de-belver841\">N\u00facleo Museol\u00f3gico das Mantas e Tape\u00e7arias de Belver<\/span>\r\n\t\t\t\t\t\t\t\t\t\t\t\t\t\t\t<i\r\n\t\t\t\t\t\t\t\t\tclass=\"afwp-toggle-icon fa fa-toggle-off\" \r\n\t\t\t\t\t\t\t\t\tdata-dropdown-icon=\"fa-toggle-off\" \r\n\t\t\t\t\t\t\t\t\tdata-active-dp-icon=\"fa-toggle-on\" \r\n\t\t\t\t\t\t\t\t\tstyle=\"color:;\"\r\n\t\t\t\t\t\t\t\t><\/i>\r\n\t\t\t\t\t\t\t\t\t\t\t\t\t<\/div>\r\n\t\t\t\t\t\t<div class=\"afwp-content \" id=\"afwp_nucleo-museologico-das-mantas-e-tapecarias-de-belver841\"  style=\"background:; color:; \">\r\n\t\t\t\t\t\t\t<div class=\"afwp-content-wraper\">\r\n\t\t\t\t\t\t\t\t<p>Ocupa as instala\u00e7\u00f5es da antiga F\u00e1brica Nunes da Silva e foi inaugurado em 2016. A hist\u00f3ria desta unidade est\u00e1 ligada ao empreendedorismo feminino atrav\u00e9s da figura da Mestra. O n\u00facleo museol\u00f3gico visa preservar a mem\u00f3ria desta unidade de produ\u00e7\u00e3o de tecelagem artesanal e salvaguardar um saber \u00fanico.<\/p>\n\t\t\t\t\t\t\t<\/div>\r\n\t\t\t\t\t\t<\/div>\r\n\t\t\t\t\t<\/li>\r\n\t\t\t\t\t\t\t\t\t<li class=\"afwp-accordion-item-wrap\">\r\n\t\t\t\t\t\t<div class=\"afwp-accordion-title \" style=\"background:; color:;\">\r\n\t\t\t\t\t\t\t<span data-href=\"#afwp_caminho-de-acesso-a-fonte-velha840\">Caminho de acesso \u00e0 Fonte Velha<\/span>\r\n\t\t\t\t\t\t\t\t\t\t\t\t\t\t\t<i\r\n\t\t\t\t\t\t\t\t\tclass=\"afwp-toggle-icon fa fa-toggle-off\" \r\n\t\t\t\t\t\t\t\t\tdata-dropdown-icon=\"fa-toggle-off\" \r\n\t\t\t\t\t\t\t\t\tdata-active-dp-icon=\"fa-toggle-on\" \r\n\t\t\t\t\t\t\t\t\tstyle=\"color:;\"\r\n\t\t\t\t\t\t\t\t><\/i>\r\n\t\t\t\t\t\t\t\t\t\t\t\t\t<\/div>\r\n\t\t\t\t\t\t<div class=\"afwp-content \" id=\"afwp_caminho-de-acesso-a-fonte-velha840\"  style=\"background:; color:; \">\r\n\t\t\t\t\t\t\t<div class=\"afwp-content-wraper\">\r\n\t\t\t\t\t\t\t\t<p>No percurso de acesso \u00e0 Fonte Velha pode contemplar as belas paisagens das encostas do Rio Tejo, assim como, diversas figuras gravadas na pedra. Pode ainda beneficiar de um Parque de Merendas, para fazer um piquenique ou uma pausa no sil\u00eancio da Natureza.<\/p>\n\t\t\t\t\t\t\t<\/div>\r\n\t\t\t\t\t\t<\/div>\r\n\t\t\t\t\t<\/li>\r\n\t\t\t\t\t\t\t\t\t<li class=\"afwp-accordion-item-wrap\">\r\n\t\t\t\t\t\t<div class=\"afwp-accordion-title \" style=\"background:; color:;\">\r\n\t\t\t\t\t\t\t<span data-href=\"#afwp_centro-de-observacao-da-avi-fauna839\">Centro de Observa\u00e7\u00e3o da Avi-Fauna<\/span>\r\n\t\t\t\t\t\t\t\t\t\t\t\t\t\t\t<i\r\n\t\t\t\t\t\t\t\t\tclass=\"afwp-toggle-icon fa fa-toggle-off\" \r\n\t\t\t\t\t\t\t\t\tdata-dropdown-icon=\"fa-toggle-off\" \r\n\t\t\t\t\t\t\t\t\tdata-active-dp-icon=\"fa-toggle-on\" \r\n\t\t\t\t\t\t\t\t\tstyle=\"color:;\"\r\n\t\t\t\t\t\t\t\t><\/i>\r\n\t\t\t\t\t\t\t\t\t\t\t\t\t<\/div>\r\n\t\t\t\t\t\t<div class=\"afwp-content \" id=\"afwp_centro-de-observacao-da-avi-fauna839\"  style=\"background:; color:; \">\r\n\t\t\t\t\t\t\t<div class=\"afwp-content-wraper\">\r\n\t\t\t\t\t\t\t\t<p>Situado no meio da paisagem deslumbrante sobre o Vale do Tejo, est\u00e1 localizado junto \u00e0 localidade do Outeiro. Este s\u00edtio alberga a maior col\u00f3nia de Grifos exclusivamente em territ\u00f3rio nacional e tamb\u00e9m outras esp\u00e9cies rup\u00edculas amea\u00e7adas como a cegonha-preta e a \u00e1guia perdigueira.<\/p>\n\t\t\t\t\t\t\t<\/div>\r\n\t\t\t\t\t\t<\/div>\r\n\t\t\t\t\t<\/li>\r\n\t\t\t\t\t\t\t\t\t<li class=\"afwp-accordion-item-wrap\">\r\n\t\t\t\t\t\t<div class=\"afwp-accordion-title \" style=\"background:; color:;\">\r\n\t\t\t\t\t\t\t<span data-href=\"#afwp_ermida-da-nossa-senhora-do-pilar838\">Ermida da Nossa Senhora do Pilar<\/span>\r\n\t\t\t\t\t\t\t\t\t\t\t\t\t\t\t<i\r\n\t\t\t\t\t\t\t\t\tclass=\"afwp-toggle-icon fa fa-toggle-off\" \r\n\t\t\t\t\t\t\t\t\tdata-dropdown-icon=\"fa-toggle-off\" \r\n\t\t\t\t\t\t\t\t\tdata-active-dp-icon=\"fa-toggle-on\" \r\n\t\t\t\t\t\t\t\t\tstyle=\"color:;\"\r\n\t\t\t\t\t\t\t\t><\/i>\r\n\t\t\t\t\t\t\t\t\t\t\t\t\t<\/div>\r\n\t\t\t\t\t\t<div class=\"afwp-content \" id=\"afwp_ermida-da-nossa-senhora-do-pilar838\"  style=\"background:; color:; \">\r\n\t\t\t\t\t\t\t<div class=\"afwp-content-wraper\">\r\n\t\t\t\t\t\t\t\t<p>Edificada fora do per\u00edmetro da povoa\u00e7\u00e3o de Belver, a ermida da Nossa Senhora do Pilar \u00e9 um exemplar da arquitetura religiosa rural dos finais do s\u00e9culo XVII.<\/p>\n\t\t\t\t\t\t\t<\/div>\r\n\t\t\t\t\t\t<\/div>\r\n\t\t\t\t\t<\/li>\r\n\t\t\t\t\t\t\t\t\t<li class=\"afwp-accordion-item-wrap\">\r\n\t\t\t\t\t\t<div class=\"afwp-accordion-title \" style=\"background:; color:;\">\r\n\t\t\t\t\t\t\t<span data-href=\"#afwp_museu-do-sabao837\">Museu do Sab\u00e3o<\/span>\r\n\t\t\t\t\t\t\t\t\t\t\t\t\t\t\t<i\r\n\t\t\t\t\t\t\t\t\tclass=\"afwp-toggle-icon fa fa-toggle-off\" \r\n\t\t\t\t\t\t\t\t\tdata-dropdown-icon=\"fa-toggle-off\" \r\n\t\t\t\t\t\t\t\t\tdata-active-dp-icon=\"fa-toggle-on\" \r\n\t\t\t\t\t\t\t\t\tstyle=\"color:;\"\r\n\t\t\t\t\t\t\t\t><\/i>\r\n\t\t\t\t\t\t\t\t\t\t\t\t\t<\/div>\r\n\t\t\t\t\t\t<div class=\"afwp-content \" id=\"afwp_museu-do-sabao837\"  style=\"background:; color:; \">\r\n\t\t\t\t\t\t\t<div class=\"afwp-content-wraper\">\r\n\t\t\t\t\t\t\t\t<p>Inaugurado a 27 de abril de 2013 \u00e9 um dos quatro museus existentes no mundo dedicados ao sab\u00e3o. Instalado na antiga escola prim\u00e1ria este Museu pretende dar a Hist\u00f3ria do Sab\u00e3o no mundo, a Hist\u00f3ria do Sab\u00e3o em Portugal e a Hist\u00f3ria do Sab\u00e3o mole e dos Saboeiros de Belver.<\/p>\n\t\t\t\t\t\t\t<\/div>\r\n\t\t\t\t\t\t<\/div>\r\n\t\t\t\t\t<\/li>\r\n\t\t\t\t\t\t\t\t\t<li class=\"afwp-accordion-item-wrap\">\r\n\t\t\t\t\t\t<div class=\"afwp-accordion-title \" style=\"background:; color:;\">\r\n\t\t\t\t\t\t\t<span data-href=\"#afwp_miradouro-do-outeirinho836\">Miradouro do Outeirinho<\/span>\r\n\t\t\t\t\t\t\t\t\t\t\t\t\t\t\t<i\r\n\t\t\t\t\t\t\t\t\tclass=\"afwp-toggle-icon fa fa-toggle-off\" \r\n\t\t\t\t\t\t\t\t\tdata-dropdown-icon=\"fa-toggle-off\" \r\n\t\t\t\t\t\t\t\t\tdata-active-dp-icon=\"fa-toggle-on\" \r\n\t\t\t\t\t\t\t\t\tstyle=\"color:;\"\r\n\t\t\t\t\t\t\t\t><\/i>\r\n\t\t\t\t\t\t\t\t\t\t\t\t\t<\/div>\r\n\t\t\t\t\t\t<div class=\"afwp-content \" id=\"afwp_miradouro-do-outeirinho836\"  style=\"background:; color:; \">\r\n\t\t\t\t\t\t\t<div class=\"afwp-content-wraper\">\r\n\t\t\t\t\t\t\t\t<p>Local de observa\u00e7\u00e3o sobre o rio Tejo, com paisagens deslumbrantes que se estendem ao longo do Vale do Tejo.<\/p>\n\t\t\t\t\t\t\t<\/div>\r\n\t\t\t\t\t\t<\/div>\r\n\t\t\t\t\t<\/li>\r\n\t\t\t\t\t\t\t\t\t<li class=\"afwp-accordion-item-wrap\">\r\n\t\t\t\t\t\t<div class=\"afwp-accordion-title \" style=\"background:; color:;\">\r\n\t\t\t\t\t\t\t<span data-href=\"#afwp_igreja-matriz835\">Igreja Matriz<\/span>\r\n\t\t\t\t\t\t\t\t\t\t\t\t\t\t\t<i\r\n\t\t\t\t\t\t\t\t\tclass=\"afwp-toggle-icon fa fa-toggle-off\" \r\n\t\t\t\t\t\t\t\t\tdata-dropdown-icon=\"fa-toggle-off\" \r\n\t\t\t\t\t\t\t\t\tdata-active-dp-icon=\"fa-toggle-on\" \r\n\t\t\t\t\t\t\t\t\tstyle=\"color:;\"\r\n\t\t\t\t\t\t\t\t><\/i>\r\n\t\t\t\t\t\t\t\t\t\t\t\t\t<\/div>\r\n\t\t\t\t\t\t<div class=\"afwp-content \" id=\"afwp_igreja-matriz835\"  style=\"background:; color:; \">\r\n\t\t\t\t\t\t\t<div class=\"afwp-content-wraper\">\r\n\t\t\t\t\t\t\t\t<p>Tem como padroeira a Nossa Senhora da Visita\u00e7\u00e3o. Situada no centro da vila foi constru\u00edda no s\u00e9c. XVI, com algumas caracter\u00edsticas Renascentistas, sofreu algumas modifica\u00e7\u00f5es nos s\u00e9culos posteriores. As Santas Rel\u00edquias, representativas da festa celebrada anualmente pelos Belverenses, encontram-se dentro de um cofre de pau-santo no altar das Almas.<\/p>\n\t\t\t\t\t\t\t<\/div>\r\n\t\t\t\t\t\t<\/div>\r\n\t\t\t\t\t<\/li>\r\n\t\t\t\t\t\t\t\t\t<li class=\"afwp-accordion-item-wrap\">\r\n\t\t\t\t\t\t<div class=\"afwp-accordion-title \" style=\"background:; color:;\">\r\n\t\t\t\t\t\t\t<span data-href=\"#afwp_capela-de-sao-bras834\">Capela de S\u00e3o Br\u00e1s<\/span>\r\n\t\t\t\t\t\t\t\t\t\t\t\t\t\t\t<i\r\n\t\t\t\t\t\t\t\t\tclass=\"afwp-toggle-icon fa fa-toggle-off\" \r\n\t\t\t\t\t\t\t\t\tdata-dropdown-icon=\"fa-toggle-off\" \r\n\t\t\t\t\t\t\t\t\tdata-active-dp-icon=\"fa-toggle-on\" \r\n\t\t\t\t\t\t\t\t\tstyle=\"color:;\"\r\n\t\t\t\t\t\t\t\t><\/i>\r\n\t\t\t\t\t\t\t\t\t\t\t\t\t<\/div>\r\n\t\t\t\t\t\t<div class=\"afwp-content \" id=\"afwp_capela-de-sao-bras834\"  style=\"background:; color:; \">\r\n\t\t\t\t\t\t\t<div class=\"afwp-content-wraper\">\r\n\t\t\t\t\t\t\t\t<p>Constru\u00e7\u00e3o do s\u00e9culo XVI, est\u00e1 implantada na pra\u00e7a de armas do Castelo. \u00c9 tradi\u00e7\u00e3o ter sido capela de muita devo\u00e7\u00e3o do Infante D. Lu\u00eds, Gr\u00e3o Prior do Crato e filho de D. Manuel I, tendo doado o belo ret\u00e1bulo nela existente.<\/p>\n\t\t\t\t\t\t\t<\/div>\r\n\t\t\t\t\t\t<\/div>\r\n\t\t\t\t\t<\/li>\r\n\t\t\t\t\t\t\t\t\t<li class=\"afwp-accordion-item-wrap\">\r\n\t\t\t\t\t\t<div class=\"afwp-accordion-title \" style=\"background:; color:;\">\r\n\t\t\t\t\t\t\t<span data-href=\"#afwp_castelo-de-belver-e-centro-interpretativo-e-museologico-do-castelo833\">Castelo de Belver e Centro Interpretativo e Museol\u00f3gico do Castelo<\/span>\r\n\t\t\t\t\t\t\t\t\t\t\t\t\t\t\t<i\r\n\t\t\t\t\t\t\t\t\tclass=\"afwp-toggle-icon fa fa-toggle-off\" \r\n\t\t\t\t\t\t\t\t\tdata-dropdown-icon=\"fa-toggle-off\" \r\n\t\t\t\t\t\t\t\t\tdata-active-dp-icon=\"fa-toggle-on\" \r\n\t\t\t\t\t\t\t\t\tstyle=\"color:;\"\r\n\t\t\t\t\t\t\t\t><\/i>\r\n\t\t\t\t\t\t\t\t\t\t\t\t\t<\/div>\r\n\t\t\t\t\t\t<div class=\"afwp-content \" id=\"afwp_castelo-de-belver-e-centro-interpretativo-e-museologico-do-castelo833\"  style=\"background:; color:; \">\r\n\t\t\t\t\t\t\t<div class=\"afwp-content-wraper\">\r\n\t\t\t\t\t\t\t\t<p>Monumento Nacional desde 1910 \u00e9 um dos exemplares mais completos da arquitetura medieval militar existente no pa\u00eds. Tem origem em 1194, ano em que D. Sancho I doou a Afonso P\u00e3es, prior da Ordem, as chamadas terras de Guidintesta com a obriga\u00e7\u00e3o de construir um castelo. A fortaleza foi objeto de algumas modifica\u00e7\u00f5es ao longo [&hellip;]<\/p>\n\t\t\t\t\t\t\t<\/div>\r\n\t\t\t\t\t\t<\/div>\r\n\t\t\t\t\t<\/li>\r\n\t\t\t\t\t\t\t<\/ul>\r\n\t\t<\/div>\r\n\t<\/div>\r\n\t\n","protected":false},"excerpt":{"rendered":"","protected":false},"author":2,"featured_media":0,"parent":202,"menu_order":0,"comment_status":"closed","ping_status":"closed","template":"","meta":{"footnotes":""},"class_list":["post-204","page","type-page","status-publish","hentry"],"_links":{"self":[{"href":"https:\/\/www.jf-belver.pt\/index.php?rest_route=\/wp\/v2\/pages\/204","targetHints":{"allow":["GET"]}}],"collection":[{"href":"https:\/\/www.jf-belver.pt\/index.php?rest_route=\/wp\/v2\/pages"}],"about":[{"href":"https:\/\/www.jf-belver.pt\/index.php?rest_route=\/wp\/v2\/types\/page"}],"author":[{"embeddable":true,"href":"https:\/\/www.jf-belver.pt\/index.php?rest_route=\/wp\/v2\/users\/2"}],"replies":[{"embeddable":true,"href":"https:\/\/www.jf-belver.pt\/index.php?rest_route=%2Fwp%2Fv2%2Fcomments&post=204"}],"version-history":[{"count":2,"href":"https:\/\/www.jf-belver.pt\/index.php?rest_route=\/wp\/v2\/pages\/204\/revisions"}],"predecessor-version":[{"id":440,"href":"https:\/\/www.jf-belver.pt\/index.php?rest_route=\/wp\/v2\/pages\/204\/revisions\/440"}],"up":[{"embeddable":true,"href":"https:\/\/www.jf-belver.pt\/index.php?rest_route=\/wp\/v2\/pages\/202"}],"wp:attachment":[{"href":"https:\/\/www.jf-belver.pt\/index.php?rest_route=%2Fwp%2Fv2%2Fmedia&parent=204"}],"curies":[{"name":"wp","href":"https:\/\/api.w.org\/{rel}","templated":true}]}}