{"id":192,"date":"2018-09-26T08:23:43","date_gmt":"2018-09-26T08:23:43","guid":{"rendered":"http:\/\/www.jf-belver.pt\/?page_id=192"},"modified":"2020-07-21T12:10:24","modified_gmt":"2020-07-21T12:10:24","slug":"associacoes","status":"publish","type":"page","link":"https:\/\/www.jf-belver.pt\/?page_id=192","title":{"rendered":"Associa\u00e7\u00f5es"},"content":{"rendered":"\n\t<!-- This file should primarily consist of HTML with a little bit of PHP. -->\r\n\t<div class=\"afwp-accordion-template afwp-shortcode afwp-default\">\r\n\t\t<div class=\"afwp-accordion vertical\">\r\n\t\t\t<ul class=\"afwp-accordion-list\">\r\n\t\t\t\t\t\t\t\t\t<li class=\"afwp-accordion-item-wrap\">\r\n\t\t\t\t\t\t<div class=\"afwp-accordion-title  current \" style=\"background:; color:;\">\r\n\t\t\t\t\t\t\t<span data-href=\"#afwp_grupo-de-cantares-terras-de-guidintesta434\">Grupo de Cantares Terras de Guidintesta<\/span>\r\n\t\t\t\t\t\t\t\t\t\t\t\t\t\t\t<i\r\n\t\t\t\t\t\t\t\t\tclass=\"afwp-toggle-icon fa fa-toggle-on\" \r\n\t\t\t\t\t\t\t\t\tdata-dropdown-icon=\"fa-toggle-off\" \r\n\t\t\t\t\t\t\t\t\tdata-active-dp-icon=\"fa-toggle-on\" \r\n\t\t\t\t\t\t\t\t\tstyle=\"color:;\"\r\n\t\t\t\t\t\t\t\t><\/i>\r\n\t\t\t\t\t\t\t\t\t\t\t\t\t<\/div>\r\n\t\t\t\t\t\t<div class=\"afwp-content  current \" id=\"afwp_grupo-de-cantares-terras-de-guidintesta434\"  style=\"background:; color:;  display:block; \">\r\n\t\t\t\t\t\t\t<div class=\"afwp-content-wraper\">\r\n\t\t\t\t\t\t\t\t<p>Contactos:Rua Heliodoro Salgado, 36040-024 Belver Gavi\u00e3o<\/p>\n\t\t\t\t\t\t\t<\/div>\r\n\t\t\t\t\t\t<\/div>\r\n\t\t\t\t\t<\/li>\r\n\t\t\t\t\t\t\t\t\t<li class=\"afwp-accordion-item-wrap\">\r\n\t\t\t\t\t\t<div class=\"afwp-accordion-title \" style=\"background:; color:;\">\r\n\t\t\t\t\t\t\t<span data-href=\"#afwp_clube-recreativo-e-desportivo-belverense433\">Clube Recreativo e Desportivo Belverense<\/span>\r\n\t\t\t\t\t\t\t\t\t\t\t\t\t\t\t<i\r\n\t\t\t\t\t\t\t\t\tclass=\"afwp-toggle-icon fa fa-toggle-off\" \r\n\t\t\t\t\t\t\t\t\tdata-dropdown-icon=\"fa-toggle-off\" \r\n\t\t\t\t\t\t\t\t\tdata-active-dp-icon=\"fa-toggle-on\" \r\n\t\t\t\t\t\t\t\t\tstyle=\"color:;\"\r\n\t\t\t\t\t\t\t\t><\/i>\r\n\t\t\t\t\t\t\t\t\t\t\t\t\t<\/div>\r\n\t\t\t\t\t\t<div class=\"afwp-content \" id=\"afwp_clube-recreativo-e-desportivo-belverense433\"  style=\"background:; color:; \">\r\n\t\t\t\t\t\t\t<div class=\"afwp-content-wraper\">\r\n\t\t\t\t\t\t\t\t<p>Contactos: Rua Heliodoro Salgado, 3 6040-024 Belver Gavi\u00e3o &#8211; Presidente: Tom\u00e1s Miguel Olas Pereira<\/p>\n\t\t\t\t\t\t\t<\/div>\r\n\t\t\t\t\t\t<\/div>\r\n\t\t\t\t\t<\/li>\r\n\t\t\t\t\t\t\t\t\t<li class=\"afwp-accordion-item-wrap\">\r\n\t\t\t\t\t\t<div class=\"afwp-accordion-title \" style=\"background:; color:;\">\r\n\t\t\t\t\t\t\t<span data-href=\"#afwp_centro-recreativo-e-cultural-de-furtado-vale-de-coelho-e-vilar-da-mo-2432\">Centro Recreativo e Cultural de Furtado, Vale de Coelho e Vilar da M\u00f3<\/span>\r\n\t\t\t\t\t\t\t\t\t\t\t\t\t\t\t<i\r\n\t\t\t\t\t\t\t\t\tclass=\"afwp-toggle-icon fa fa-toggle-off\" \r\n\t\t\t\t\t\t\t\t\tdata-dropdown-icon=\"fa-toggle-off\" \r\n\t\t\t\t\t\t\t\t\tdata-active-dp-icon=\"fa-toggle-on\" \r\n\t\t\t\t\t\t\t\t\tstyle=\"color:;\"\r\n\t\t\t\t\t\t\t\t><\/i>\r\n\t\t\t\t\t\t\t\t\t\t\t\t\t<\/div>\r\n\t\t\t\t\t\t<div class=\"afwp-content \" id=\"afwp_centro-recreativo-e-cultural-de-furtado-vale-de-coelho-e-vilar-da-mo-2432\"  style=\"background:; color:; \">\r\n\t\t\t\t\t\t\t<div class=\"afwp-content-wraper\">\r\n\t\t\t\t\t\t\t\t<p>Contactos: Escola Primaria de Vale de Coelho 6040 \u2013 032 Belver Gavi\u00e3o Presidente: Eduardo de Matos Canas &nbsp;<\/p>\n\t\t\t\t\t\t\t<\/div>\r\n\t\t\t\t\t\t<\/div>\r\n\t\t\t\t\t<\/li>\r\n\t\t\t\t\t\t\t\t\t<li class=\"afwp-accordion-item-wrap\">\r\n\t\t\t\t\t\t<div class=\"afwp-accordion-title \" style=\"background:; color:;\">\r\n\t\t\t\t\t\t\t<span data-href=\"#afwp_centro-de-cultura-e-recreio-outeirense430\">Centro de Cultura e Recreio Outeirense<\/span>\r\n\t\t\t\t\t\t\t\t\t\t\t\t\t\t\t<i\r\n\t\t\t\t\t\t\t\t\tclass=\"afwp-toggle-icon fa fa-toggle-off\" \r\n\t\t\t\t\t\t\t\t\tdata-dropdown-icon=\"fa-toggle-off\" \r\n\t\t\t\t\t\t\t\t\tdata-active-dp-icon=\"fa-toggle-on\" \r\n\t\t\t\t\t\t\t\t\tstyle=\"color:;\"\r\n\t\t\t\t\t\t\t\t><\/i>\r\n\t\t\t\t\t\t\t\t\t\t\t\t\t<\/div>\r\n\t\t\t\t\t\t<div class=\"afwp-content \" id=\"afwp_centro-de-cultura-e-recreio-outeirense430\"  style=\"background:; color:; \">\r\n\t\t\t\t\t\t\t<div class=\"afwp-content-wraper\">\r\n\t\t\t\t\t\t\t\t<p>Contactos: 6040 \u2013 028 Belver Gavi\u00e3o &#8211; Presidente: Filipe Nuno Fragata L. M. Clemente<\/p>\n\t\t\t\t\t\t\t<\/div>\r\n\t\t\t\t\t\t<\/div>\r\n\t\t\t\t\t<\/li>\r\n\t\t\t\t\t\t\t\t\t<li class=\"afwp-accordion-item-wrap\">\r\n\t\t\t\t\t\t<div class=\"afwp-accordion-title \" style=\"background:; color:;\">\r\n\t\t\t\t\t\t\t<span data-href=\"#afwp_centro-de-cultura-e-desportivo-de-areia429\">Centro de Cultura e Desportivo de Areia<\/span>\r\n\t\t\t\t\t\t\t\t\t\t\t\t\t\t\t<i\r\n\t\t\t\t\t\t\t\t\tclass=\"afwp-toggle-icon fa fa-toggle-off\" \r\n\t\t\t\t\t\t\t\t\tdata-dropdown-icon=\"fa-toggle-off\" \r\n\t\t\t\t\t\t\t\t\tdata-active-dp-icon=\"fa-toggle-on\" \r\n\t\t\t\t\t\t\t\t\tstyle=\"color:;\"\r\n\t\t\t\t\t\t\t\t><\/i>\r\n\t\t\t\t\t\t\t\t\t\t\t\t\t<\/div>\r\n\t\t\t\t\t\t<div class=\"afwp-content \" id=\"afwp_centro-de-cultura-e-desportivo-de-areia429\"  style=\"background:; color:; \">\r\n\t\t\t\t\t\t\t<div class=\"afwp-content-wraper\">\r\n\t\t\t\t\t\t\t\t<p>Contactos: Rua da Liberdade, 7 Areia &#8211; 6040-022 Belver Gavi\u00e3o &#8211; Presidente: Manuel Nunes Heitor<\/p>\n\t\t\t\t\t\t\t<\/div>\r\n\t\t\t\t\t\t<\/div>\r\n\t\t\t\t\t<\/li>\r\n\t\t\t\t\t\t\t\t\t<li class=\"afwp-accordion-item-wrap\">\r\n\t\t\t\t\t\t<div class=\"afwp-accordion-title \" style=\"background:; color:;\">\r\n\t\t\t\t\t\t\t<span data-href=\"#afwp_centro-de-cultura-e-convivio-de-torre-cimeira428\">Centro de Cultura e Conv\u00edvio de Torre Cimeira<\/span>\r\n\t\t\t\t\t\t\t\t\t\t\t\t\t\t\t<i\r\n\t\t\t\t\t\t\t\t\tclass=\"afwp-toggle-icon fa fa-toggle-off\" \r\n\t\t\t\t\t\t\t\t\tdata-dropdown-icon=\"fa-toggle-off\" \r\n\t\t\t\t\t\t\t\t\tdata-active-dp-icon=\"fa-toggle-on\" \r\n\t\t\t\t\t\t\t\t\tstyle=\"color:;\"\r\n\t\t\t\t\t\t\t\t><\/i>\r\n\t\t\t\t\t\t\t\t\t\t\t\t\t<\/div>\r\n\t\t\t\t\t\t<div class=\"afwp-content \" id=\"afwp_centro-de-cultura-e-convivio-de-torre-cimeira428\"  style=\"background:; color:; \">\r\n\t\t\t\t\t\t\t<div class=\"afwp-content-wraper\">\r\n\t\t\t\t\t\t\t\t<p>Contactos: Torre Cimeira 6040-030 Belver Gavi\u00e3o &#8211; Presidente: Ant\u00f3nio Navalho<\/p>\n\t\t\t\t\t\t\t<\/div>\r\n\t\t\t\t\t\t<\/div>\r\n\t\t\t\t\t<\/li>\r\n\t\t\t\t\t\t\t\t\t<li class=\"afwp-accordion-item-wrap\">\r\n\t\t\t\t\t\t<div class=\"afwp-accordion-title \" style=\"background:; color:;\">\r\n\t\t\t\t\t\t\t<span data-href=\"#afwp_centro-de-convivio-e-cultura-de-torre-fundeira427\">Centro de Convivio e Cultura de Torre Fundeira<\/span>\r\n\t\t\t\t\t\t\t\t\t\t\t\t\t\t\t<i\r\n\t\t\t\t\t\t\t\t\tclass=\"afwp-toggle-icon fa fa-toggle-off\" \r\n\t\t\t\t\t\t\t\t\tdata-dropdown-icon=\"fa-toggle-off\" \r\n\t\t\t\t\t\t\t\t\tdata-active-dp-icon=\"fa-toggle-on\" \r\n\t\t\t\t\t\t\t\t\tstyle=\"color:;\"\r\n\t\t\t\t\t\t\t\t><\/i>\r\n\t\t\t\t\t\t\t\t\t\t\t\t\t<\/div>\r\n\t\t\t\t\t\t<div class=\"afwp-content \" id=\"afwp_centro-de-convivio-e-cultura-de-torre-fundeira427\"  style=\"background:; color:; \">\r\n\t\t\t\t\t\t\t<div class=\"afwp-content-wraper\">\r\n\t\t\t\t\t\t\t\t<p>Contactos: Torre Fundeira 6040-031 Belver Gavi\u00e3o &#8211; Presidente: Jos\u00e9 Lu\u00eds Matos Rosa<\/p>\n\t\t\t\t\t\t\t<\/div>\r\n\t\t\t\t\t\t<\/div>\r\n\t\t\t\t\t<\/li>\r\n\t\t\t\t\t\t\t\t\t<li class=\"afwp-accordion-item-wrap\">\r\n\t\t\t\t\t\t<div class=\"afwp-accordion-title \" style=\"background:; color:;\">\r\n\t\t\t\t\t\t\t<span data-href=\"#afwp_centro-de-convivio-e-cultura-de-arriachas426\">Centro de Convivio e Cultura de Arriachas<\/span>\r\n\t\t\t\t\t\t\t\t\t\t\t\t\t\t\t<i\r\n\t\t\t\t\t\t\t\t\tclass=\"afwp-toggle-icon fa fa-toggle-off\" \r\n\t\t\t\t\t\t\t\t\tdata-dropdown-icon=\"fa-toggle-off\" \r\n\t\t\t\t\t\t\t\t\tdata-active-dp-icon=\"fa-toggle-on\" \r\n\t\t\t\t\t\t\t\t\tstyle=\"color:;\"\r\n\t\t\t\t\t\t\t\t><\/i>\r\n\t\t\t\t\t\t\t\t\t\t\t\t\t<\/div>\r\n\t\t\t\t\t\t<div class=\"afwp-content \" id=\"afwp_centro-de-convivio-e-cultura-de-arriachas426\"  style=\"background:; color:; \">\r\n\t\t\t\t\t\t\t<div class=\"afwp-content-wraper\">\r\n\t\t\t\t\t\t\t\t<p>Contactos: Estrada Municipal 519 \u2013 Arriacha 040\u2013023 Belver Gavi\u00e3o Presidente: Jo\u00e3o Paulo Ribeiro G. Mendes<\/p>\n\t\t\t\t\t\t\t<\/div>\r\n\t\t\t\t\t\t<\/div>\r\n\t\t\t\t\t<\/li>\r\n\t\t\t\t\t\t\t\t\t<li class=\"afwp-accordion-item-wrap\">\r\n\t\t\t\t\t\t<div class=\"afwp-accordion-title \" style=\"background:; color:;\">\r\n\t\t\t\t\t\t\t<span data-href=\"#afwp_centro-de-convivio-de-domingos-da-vinha425\">Centro de Conv\u00edvio de Domingos da Vinha<\/span>\r\n\t\t\t\t\t\t\t\t\t\t\t\t\t\t\t<i\r\n\t\t\t\t\t\t\t\t\tclass=\"afwp-toggle-icon fa fa-toggle-off\" \r\n\t\t\t\t\t\t\t\t\tdata-dropdown-icon=\"fa-toggle-off\" \r\n\t\t\t\t\t\t\t\t\tdata-active-dp-icon=\"fa-toggle-on\" \r\n\t\t\t\t\t\t\t\t\tstyle=\"color:;\"\r\n\t\t\t\t\t\t\t\t><\/i>\r\n\t\t\t\t\t\t\t\t\t\t\t\t\t<\/div>\r\n\t\t\t\t\t\t<div class=\"afwp-content \" id=\"afwp_centro-de-convivio-de-domingos-da-vinha425\"  style=\"background:; color:; \">\r\n\t\t\t\t\t\t\t<div class=\"afwp-content-wraper\">\r\n\t\t\t\t\t\t\t\t<p>Contactos: Rua do Com\u00e9rcio, n.\u00ba 8 Domingos da Vinha 6040-025 Belver Gavi\u00e3o Presidente: Andr\u00e9 Gomes<\/p>\n\t\t\t\t\t\t\t<\/div>\r\n\t\t\t\t\t\t<\/div>\r\n\t\t\t\t\t<\/li>\r\n\t\t\t\t\t\t\t\t\t<li class=\"afwp-accordion-item-wrap\">\r\n\t\t\t\t\t\t<div class=\"afwp-accordion-title \" style=\"background:; color:;\">\r\n\t\t\t\t\t\t\t<span data-href=\"#afwp_associacao-recreativo-e-desportiva-de-alvisquer424\">Associa\u00e7\u00e3o Recreativo e Desportiva de Alvisquer<\/span>\r\n\t\t\t\t\t\t\t\t\t\t\t\t\t\t\t<i\r\n\t\t\t\t\t\t\t\t\tclass=\"afwp-toggle-icon fa fa-toggle-off\" \r\n\t\t\t\t\t\t\t\t\tdata-dropdown-icon=\"fa-toggle-off\" \r\n\t\t\t\t\t\t\t\t\tdata-active-dp-icon=\"fa-toggle-on\" \r\n\t\t\t\t\t\t\t\t\tstyle=\"color:;\"\r\n\t\t\t\t\t\t\t\t><\/i>\r\n\t\t\t\t\t\t\t\t\t\t\t\t\t<\/div>\r\n\t\t\t\t\t\t<div class=\"afwp-content \" id=\"afwp_associacao-recreativo-e-desportiva-de-alvisquer424\"  style=\"background:; color:; \">\r\n\t\t\t\t\t\t\t<div class=\"afwp-content-wraper\">\r\n\t\t\t\t\t\t\t\t<p>Contactos: Alvisquer &#8211; 6040-021 Belver Gavi\u00e3o &#8211; Presidente: Eurico de Matos Ventura<\/p>\n\t\t\t\t\t\t\t<\/div>\r\n\t\t\t\t\t\t<\/div>\r\n\t\t\t\t\t<\/li>\r\n\t\t\t\t\t\t\t\t\t<li class=\"afwp-accordion-item-wrap\">\r\n\t\t\t\t\t\t<div class=\"afwp-accordion-title \" style=\"background:; color:;\">\r\n\t\t\t\t\t\t\t<span data-href=\"#afwp_associacao-de-produtores-florestais-da-freguesia-de-belver421\">Associa\u00e7\u00e3o de Produtores Florestais da Freguesia de Belver<\/span>\r\n\t\t\t\t\t\t\t\t\t\t\t\t\t\t\t<i\r\n\t\t\t\t\t\t\t\t\tclass=\"afwp-toggle-icon fa fa-toggle-off\" \r\n\t\t\t\t\t\t\t\t\tdata-dropdown-icon=\"fa-toggle-off\" \r\n\t\t\t\t\t\t\t\t\tdata-active-dp-icon=\"fa-toggle-on\" \r\n\t\t\t\t\t\t\t\t\tstyle=\"color:;\"\r\n\t\t\t\t\t\t\t\t><\/i>\r\n\t\t\t\t\t\t\t\t\t\t\t\t\t<\/div>\r\n\t\t\t\t\t\t<div class=\"afwp-content \" id=\"afwp_associacao-de-produtores-florestais-da-freguesia-de-belver421\"  style=\"background:; color:; \">\r\n\t\t\t\t\t\t\t<div class=\"afwp-content-wraper\">\r\n\t\t\t\t\t\t\t\t<p>Contactos: Rua da Barca, n.\u00ba16\u00aa 6040-024 Belver Gavi\u00e3o &#8211; Presidente: Bruno Jos\u00e9 Rodrigues Dias<\/p>\n\t\t\t\t\t\t\t<\/div>\r\n\t\t\t\t\t\t<\/div>\r\n\t\t\t\t\t<\/li>\r\n\t\t\t\t\t\t\t\t\t<li class=\"afwp-accordion-item-wrap\">\r\n\t\t\t\t\t\t<div class=\"afwp-accordion-title \" style=\"background:; color:;\">\r\n\t\t\t\t\t\t\t<span data-href=\"#afwp_associacao-de-cacadores-da-freguesia-de-belver420\">Associa\u00e7\u00e3o de Ca\u00e7adores da Freguesia de Belver<\/span>\r\n\t\t\t\t\t\t\t\t\t\t\t\t\t\t\t<i\r\n\t\t\t\t\t\t\t\t\tclass=\"afwp-toggle-icon fa fa-toggle-off\" \r\n\t\t\t\t\t\t\t\t\tdata-dropdown-icon=\"fa-toggle-off\" \r\n\t\t\t\t\t\t\t\t\tdata-active-dp-icon=\"fa-toggle-on\" \r\n\t\t\t\t\t\t\t\t\tstyle=\"color:;\"\r\n\t\t\t\t\t\t\t\t><\/i>\r\n\t\t\t\t\t\t\t\t\t\t\t\t\t<\/div>\r\n\t\t\t\t\t\t<div class=\"afwp-content \" id=\"afwp_associacao-de-cacadores-da-freguesia-de-belver420\"  style=\"background:; color:; \">\r\n\t\t\t\t\t\t\t<div class=\"afwp-content-wraper\">\r\n\t\t\t\t\t\t\t\t<p>Contactos: Rua da Escola Nova Apartado 55 6040-999 Belver Gavi\u00e3o &#8211; Presidente: Ant\u00f3nio da Rosa Marques<\/p>\n\t\t\t\t\t\t\t<\/div>\r\n\t\t\t\t\t\t<\/div>\r\n\t\t\t\t\t<\/li>\r\n\t\t\t\t\t\t\t\t\t<li class=\"afwp-accordion-item-wrap\">\r\n\t\t\t\t\t\t<div class=\"afwp-accordion-title \" style=\"background:; color:;\">\r\n\t\t\t\t\t\t\t<span data-href=\"#afwp_associacao-cultural-e-recreativa-aldeias-de-sao-bartolomeu419\">Associa\u00e7\u00e3o Cultural e Recreativa &#8221; Aldeias de S\u00e3o Bartolomeu&#8221;<\/span>\r\n\t\t\t\t\t\t\t\t\t\t\t\t\t\t\t<i\r\n\t\t\t\t\t\t\t\t\tclass=\"afwp-toggle-icon fa fa-toggle-off\" \r\n\t\t\t\t\t\t\t\t\tdata-dropdown-icon=\"fa-toggle-off\" \r\n\t\t\t\t\t\t\t\t\tdata-active-dp-icon=\"fa-toggle-on\" \r\n\t\t\t\t\t\t\t\t\tstyle=\"color:;\"\r\n\t\t\t\t\t\t\t\t><\/i>\r\n\t\t\t\t\t\t\t\t\t\t\t\t\t<\/div>\r\n\t\t\t\t\t\t<div class=\"afwp-content \" id=\"afwp_associacao-cultural-e-recreativa-aldeias-de-sao-bartolomeu419\"  style=\"background:; color:; \">\r\n\t\t\t\t\t\t\t<div class=\"afwp-content-wraper\">\r\n\t\t\t\t\t\t\t\t<p>Vale da Gama, Carrascal, Zimbreirinhas, Vale Pedro Dias Rua de S. Bartolomeu 6120-030 Envendos &#8211; Presidente: Joaquim Lu\u00eds<\/p>\n\t\t\t\t\t\t\t<\/div>\r\n\t\t\t\t\t\t<\/div>\r\n\t\t\t\t\t<\/li>\r\n\t\t\t\t\t\t\t<\/ul>\r\n\t\t<\/div>\r\n\t<\/div>\r\n\t\n","protected":false},"excerpt":{"rendered":"","protected":false},"author":2,"featured_media":0,"parent":158,"menu_order":0,"comment_status":"closed","ping_status":"closed","template":"","meta":{"footnotes":""},"class_list":["post-192","page","type-page","status-publish","hentry"],"_links":{"self":[{"href":"https:\/\/www.jf-belver.pt\/index.php?rest_route=\/wp\/v2\/pages\/192","targetHints":{"allow":["GET"]}}],"collection":[{"href":"https:\/\/www.jf-belver.pt\/index.php?rest_route=\/wp\/v2\/pages"}],"about":[{"href":"https:\/\/www.jf-belver.pt\/index.php?rest_route=\/wp\/v2\/types\/page"}],"author":[{"embeddable":true,"href":"https:\/\/www.jf-belver.pt\/index.php?rest_route=\/wp\/v2\/users\/2"}],"replies":[{"embeddable":true,"href":"https:\/\/www.jf-belver.pt\/index.php?rest_route=%2Fwp%2Fv2%2Fcomments&post=192"}],"version-history":[{"count":9,"href":"https:\/\/www.jf-belver.pt\/index.php?rest_route=\/wp\/v2\/pages\/192\/revisions"}],"predecessor-version":[{"id":885,"href":"https:\/\/www.jf-belver.pt\/index.php?rest_route=\/wp\/v2\/pages\/192\/revisions\/885"}],"up":[{"embeddable":true,"href":"https:\/\/www.jf-belver.pt\/index.php?rest_route=\/wp\/v2\/pages\/158"}],"wp:attachment":[{"href":"https:\/\/www.jf-belver.pt\/index.php?rest_route=%2Fwp%2Fv2%2Fmedia&parent=192"}],"curies":[{"name":"wp","href":"https:\/\/api.w.org\/{rel}","templated":true}]}}