{"id":172,"date":"2018-09-26T08:14:56","date_gmt":"2018-09-26T08:14:56","guid":{"rendered":"http:\/\/www.jf-belver.pt\/?page_id=172"},"modified":"2019-04-08T18:05:12","modified_gmt":"2019-04-08T18:05:12","slug":"romarias","status":"publish","type":"page","link":"https:\/\/www.jf-belver.pt\/?page_id=172","title":{"rendered":"Romarias"},"content":{"rendered":"<ul>\n<li style=\"font-weight: 400;\"><strong>Prociss\u00e3o dos Passos<\/strong>\n<ul>\n<li style=\"font-weight: 400;\">segundo domingo antes da P\u00e1scoa&nbsp;<\/li>\n<\/ul>\n<\/li>\n<li style=\"font-weight: 400;\"><strong>Prociss\u00e3o das Santas Rel\u00edquias<\/strong>\n<ul>\n<li style=\"font-weight: 400;\">terceiro fim-de-semana de agosto<\/li>\n<\/ul>\n<\/li>\n<\/ul>\n","protected":false},"excerpt":{"rendered":"<p>Prociss\u00e3o dos Passos segundo domingo antes da P\u00e1scoa&nbsp; Prociss\u00e3o das Santas Rel\u00edquias terceiro fim-de-semana de agosto<\/p>\n","protected":false},"author":2,"featured_media":0,"parent":170,"menu_order":0,"comment_status":"closed","ping_status":"closed","template":"","meta":{"footnotes":""},"class_list":["post-172","page","type-page","status-publish","hentry"],"_links":{"self":[{"href":"https:\/\/www.jf-belver.pt\/index.php?rest_route=\/wp\/v2\/pages\/172","targetHints":{"allow":["GET"]}}],"collection":[{"href":"https:\/\/www.jf-belver.pt\/index.php?rest_route=\/wp\/v2\/pages"}],"about":[{"href":"https:\/\/www.jf-belver.pt\/index.php?rest_route=\/wp\/v2\/types\/page"}],"author":[{"embeddable":true,"href":"https:\/\/www.jf-belver.pt\/index.php?rest_route=\/wp\/v2\/users\/2"}],"replies":[{"embeddable":true,"href":"https:\/\/www.jf-belver.pt\/index.php?rest_route=%2Fwp%2Fv2%2Fcomments&post=172"}],"version-history":[{"count":2,"href":"https:\/\/www.jf-belver.pt\/index.php?rest_route=\/wp\/v2\/pages\/172\/revisions"}],"predecessor-version":[{"id":743,"href":"https:\/\/www.jf-belver.pt\/index.php?rest_route=\/wp\/v2\/pages\/172\/revisions\/743"}],"up":[{"embeddable":true,"href":"https:\/\/www.jf-belver.pt\/index.php?rest_route=\/wp\/v2\/pages\/170"}],"wp:attachment":[{"href":"https:\/\/www.jf-belver.pt\/index.php?rest_route=%2Fwp%2Fv2%2Fmedia&parent=172"}],"curies":[{"name":"wp","href":"https:\/\/api.w.org\/{rel}","templated":true}]}}