{"id":166,"date":"2018-09-26T08:12:52","date_gmt":"2018-09-26T08:12:52","guid":{"rendered":"http:\/\/www.jf-belver.pt\/?page_id=166"},"modified":"2022-08-29T21:48:42","modified_gmt":"2022-08-29T21:48:42","slug":"localizacao","status":"publish","type":"page","link":"https:\/\/www.jf-belver.pt\/?page_id=166","title":{"rendered":"Localiza\u00e7\u00e3o"},"content":{"rendered":"\n<div class=\"wp-block-image\"><figure class=\"aligncenter size-large\"><img loading=\"lazy\" decoding=\"async\" width=\"1024\" height=\"324\" src=\"https:\/\/www.jf-belver.pt\/wp-content\/uploads\/2022\/08\/banner112-1024x324.jpg\" alt=\"\" class=\"wp-image-1591\" srcset=\"https:\/\/www.jf-belver.pt\/wp-content\/uploads\/2022\/08\/banner112-1024x324.jpg 1024w, https:\/\/www.jf-belver.pt\/wp-content\/uploads\/2022\/08\/banner112-300x95.jpg 300w, https:\/\/www.jf-belver.pt\/wp-content\/uploads\/2022\/08\/banner112-768x243.jpg 768w, https:\/\/www.jf-belver.pt\/wp-content\/uploads\/2022\/08\/banner112.jpg 1536w\" sizes=\"auto, (max-width: 1024px) 100vw, 1024px\" \/><\/figure><\/div>\n\n\n\n<p>Belver localiza-se na Margem direita do Rio Tejo, Concelho de Gavi\u00e3o e Distrito de Portalegre , com uma \u00e1rea de 69,71Km<sup>2<\/sup>.<\/p>\n\n\n\n<p>A principal porta de entrada \u00e9 o Caminho de Ferro, linha da Beira Baixa cuja esta\u00e7\u00e3o tem o mesmo nome que a Vila.<\/p>\n\n\n\n<p>A alternativa rodovi\u00e1ria \u00e9 a A23 no Km 64 onde se situa a sa\u00edda para Belver (5,5Km) e a Estrada Nacional 244.<\/p>\n","protected":false},"excerpt":{"rendered":"<p>Belver localiza-se na Margem direita do Rio Tejo, Concelho de Gavi\u00e3o e Distrito de Portalegre , com uma \u00e1rea de 69,71Km2. A principal porta de entrada \u00e9 o Caminho de Ferro, linha da Beira Baixa cuja esta\u00e7\u00e3o tem o mesmo nome que a Vila. A alternativa rodovi\u00e1ria \u00e9 a A23 no Km 64 onde se [&hellip;]<\/p>\n","protected":false},"author":2,"featured_media":0,"parent":158,"menu_order":0,"comment_status":"closed","ping_status":"closed","template":"","meta":{"footnotes":""},"class_list":["post-166","page","type-page","status-publish","hentry"],"_links":{"self":[{"href":"https:\/\/www.jf-belver.pt\/index.php?rest_route=\/wp\/v2\/pages\/166","targetHints":{"allow":["GET"]}}],"collection":[{"href":"https:\/\/www.jf-belver.pt\/index.php?rest_route=\/wp\/v2\/pages"}],"about":[{"href":"https:\/\/www.jf-belver.pt\/index.php?rest_route=\/wp\/v2\/types\/page"}],"author":[{"embeddable":true,"href":"https:\/\/www.jf-belver.pt\/index.php?rest_route=\/wp\/v2\/users\/2"}],"replies":[{"embeddable":true,"href":"https:\/\/www.jf-belver.pt\/index.php?rest_route=%2Fwp%2Fv2%2Fcomments&post=166"}],"version-history":[{"count":6,"href":"https:\/\/www.jf-belver.pt\/index.php?rest_route=\/wp\/v2\/pages\/166\/revisions"}],"predecessor-version":[{"id":1596,"href":"https:\/\/www.jf-belver.pt\/index.php?rest_route=\/wp\/v2\/pages\/166\/revisions\/1596"}],"up":[{"embeddable":true,"href":"https:\/\/www.jf-belver.pt\/index.php?rest_route=\/wp\/v2\/pages\/158"}],"wp:attachment":[{"href":"https:\/\/www.jf-belver.pt\/index.php?rest_route=%2Fwp%2Fv2%2Fmedia&parent=166"}],"curies":[{"name":"wp","href":"https:\/\/api.w.org\/{rel}","templated":true}]}}