{"id":164,"date":"2018-09-26T08:12:24","date_gmt":"2018-09-26T08:12:24","guid":{"rendered":"http:\/\/www.jf-belver.pt\/?page_id=164"},"modified":"2019-07-24T13:00:18","modified_gmt":"2019-07-24T13:00:18","slug":"historia","status":"publish","type":"page","link":"https:\/\/www.jf-belver.pt\/?page_id=164","title":{"rendered":"Hist\u00f3ria"},"content":{"rendered":"<h2>FREGUESIA DE BELVER<\/h2>\n<p>Encontra-se no concelho de Gavi\u00e3o, distrito de Portalegre, distando aproximadamente 5 quil\u00f3metros da sede concelhia; o seu orago \u00e9 a Nossa Senhora da Visita\u00e7\u00e3o.<\/p>\n<p>O territ\u00f3rio da atual povoa\u00e7\u00e3o de Belver dever\u00e1 ter sido ocupado pela primeira vez em \u00e9pocas muito long\u00ednquas, pois a julgar pela regi\u00e3o em que se insere, onde se encontram vest\u00edgios de fixa\u00e7\u00e3o humana pr\u00e9-hist\u00f3rica, como por exemplo, a anta do Penedo Gordo na Torre Fundeira, n\u00e3o se pode excluir a hip\u00f3tese de essas popula\u00e7\u00f5es se terem espalhado por toda aquela \u00e1rea, inclusivamente para a de Belver.<\/p>\n<p>O repovoamento fixo e permanente do territ\u00f3rio da freguesia foi iniciado por D. Sancho I que, por carta de 13 de Junho de 1194, fez doa\u00e7\u00e3o \u00e0 Ordem do Hospital de S. Jo\u00e3o de Jerusal\u00e9m das terras denominadas &#8220;Guidintesta&#8217;, com a condi\u00e7\u00e3o de na &#8220;Vila de Guidintesta&#8217;, edificarem um castelo, a que o pr\u00f3prio monarca imp\u00f4s o nome de &#8220;Belver&#8221;, cuja interpreta\u00e7\u00e3o \u00e9 &#8220;Bela Vista&#8221;; facto concordante com a localiza\u00e7\u00e3o do referido castelo, que se situa no alto de um morro, na margem direita do rio Tejo, de onde se tem a panor\u00e2mica da freguesia. O castelo foi fundado por Gualdim Pais, da Ordem dos Hospital\u00e1rios; esta Ordem estava familiarizada com as in\u00fameras experi\u00eancias em arquitectura militar avan\u00e7ada, o que permitiu a constru\u00e7\u00e3o de uma fortaleza muito bem delineada. Julga-se que o castelo ter\u00e1 sido ocupado pelos cavaleiros da Ordem antes mesmo da sua conclus\u00e3o, em 1212.<\/p>\n<p>O Foral Novo atribu\u00eddo por D. Manuel I, a 18 de Maio de 1518, instituiu o concelho de Belver; por\u00e9m, no s\u00e9culo XVII, o seu termo estava muito mais reduzido, sendo apenas composto por Belver e Comenda.<\/p>\n<p>O concelho de Belver acabava por ser extinto em 1836, na sequ\u00eancia de uma reorganiza\u00e7\u00e3o administrativa do pa\u00eds. Belver ficava ent\u00e3o integrada no concelho de Ma\u00e7\u00e3o e, em 1898, passava para o de Gavi\u00e3o, ao qual ainda hoje pertence.<\/p>\n<p>O Castelo \u00e9 o mais valioso patrim\u00f3nio cultural da povoa\u00e7\u00e3o e atualmente, o Museu do Sab\u00e3o e o N\u00facleo Museol\u00f3gico das Mantas e Tape\u00e7arias, os locais de maior interesse tur\u00edstico.<\/p>\n<p>A sua situa\u00e7\u00e3o geogr\u00e1fica e as dificuldades econ\u00f3micas, fizeram da povoa\u00e7\u00e3o um dos pontos onde a emigra\u00e7\u00e3o chegou a atingir valores significativos. Muitos dos seus habitantes foram procurar noutras zonas do pa\u00eds e do mundo, trabalho com melhor remunera\u00e7\u00e3o, visto que no local, a atividade dominante \u00e9 a agricultura, sendo a produ\u00e7\u00e3o oliv\u00edcola a que mais se destaca. No artesanato local, ressaltam os tapetes e as colchas em l\u00e3 ou linho.<\/p>\n","protected":false},"excerpt":{"rendered":"<p>FREGUESIA DE BELVER Encontra-se no concelho de Gavi\u00e3o, distrito de Portalegre, distando aproximadamente 5 quil\u00f3metros da sede concelhia; o seu orago \u00e9 a Nossa Senhora da Visita\u00e7\u00e3o. O territ\u00f3rio da atual povoa\u00e7\u00e3o de Belver dever\u00e1 ter sido ocupado pela primeira vez em \u00e9pocas muito long\u00ednquas, pois a julgar pela regi\u00e3o em que se insere, onde [&hellip;]<\/p>\n","protected":false},"author":2,"featured_media":0,"parent":158,"menu_order":0,"comment_status":"closed","ping_status":"closed","template":"","meta":{"footnotes":""},"class_list":["post-164","page","type-page","status-publish","hentry"],"_links":{"self":[{"href":"https:\/\/www.jf-belver.pt\/index.php?rest_route=\/wp\/v2\/pages\/164","targetHints":{"allow":["GET"]}}],"collection":[{"href":"https:\/\/www.jf-belver.pt\/index.php?rest_route=\/wp\/v2\/pages"}],"about":[{"href":"https:\/\/www.jf-belver.pt\/index.php?rest_route=\/wp\/v2\/types\/page"}],"author":[{"embeddable":true,"href":"https:\/\/www.jf-belver.pt\/index.php?rest_route=\/wp\/v2\/users\/2"}],"replies":[{"embeddable":true,"href":"https:\/\/www.jf-belver.pt\/index.php?rest_route=%2Fwp%2Fv2%2Fcomments&post=164"}],"version-history":[{"count":3,"href":"https:\/\/www.jf-belver.pt\/index.php?rest_route=\/wp\/v2\/pages\/164\/revisions"}],"predecessor-version":[{"id":759,"href":"https:\/\/www.jf-belver.pt\/index.php?rest_route=\/wp\/v2\/pages\/164\/revisions\/759"}],"up":[{"embeddable":true,"href":"https:\/\/www.jf-belver.pt\/index.php?rest_route=\/wp\/v2\/pages\/158"}],"wp:attachment":[{"href":"https:\/\/www.jf-belver.pt\/index.php?rest_route=%2Fwp%2Fv2%2Fmedia&parent=164"}],"curies":[{"name":"wp","href":"https:\/\/api.w.org\/{rel}","templated":true}]}}